{"id":25,"date":"2024-11-07T15:35:42","date_gmt":"2024-11-07T15:35:42","guid":{"rendered":"https:\/\/studiomarodesign.com\/pt\/?page_id=25"},"modified":"2026-04-06T16:24:11","modified_gmt":"2026-04-06T21:24:11","slug":"contato","status":"publish","type":"page","link":"https:\/\/studiomarodesign.com\/pt\/contato\/","title":{"rendered":"Contato"},"content":{"rendered":"\t\t<div data-elementor-type=\"wp-page\" data-elementor-id=\"25\" class=\"elementor elementor-25\" data-elementor-post-type=\"page\">\n\t\t\t\t<div class=\"elementor-element elementor-element-f2a0ee4 e-con-full animated-slow e-flex elementor-invisible e-con e-parent\" data-id=\"f2a0ee4\" data-element_type=\"container\" data-e-type=\"container\" id=\"top\" data-settings=\"{&quot;animation&quot;:&quot;fadeIn&quot;}\">\n\t\t<div class=\"elementor-element elementor-element-8050477 e-con-full e-flex e-con e-child\" data-id=\"8050477\" data-element_type=\"container\" data-e-type=\"container\">\n\t\t<div class=\"elementor-element elementor-element-bbd2d79 e-con-full e-flex e-con e-child\" data-id=\"bbd2d79\" data-element_type=\"container\" data-e-type=\"container\">\n\t\t\t\t<div class=\"elementor-element elementor-element-b437d71 elementor-widget elementor-widget-heading\" data-id=\"b437d71\" data-element_type=\"widget\" data-e-type=\"widget\" data-widget_type=\"heading.default\">\n\t\t\t\t<div class=\"elementor-widget-container\">\n\t\t\t\t\t<h2 class=\"elementor-heading-title elementor-size-default\">OR\u00c7AMENTO<\/h2>\t\t\t\t<\/div>\n\t\t\t\t<\/div>\n\t\t\t\t<div class=\"elementor-element elementor-element-9de305c elementor-widget__width-initial elementor-widget-tablet__width-initial elementor-widget-mobile__width-auto elementor-widget elementor-widget-heading\" data-id=\"9de305c\" data-element_type=\"widget\" data-e-type=\"widget\" data-widget_type=\"heading.default\">\n\t\t\t\t<div class=\"elementor-widget-container\">\n\t\t\t\t\t<h2 class=\"elementor-heading-title elementor-size-default\">ENTRE <i>em<\/i> CONTATO\n<\/h2>\t\t\t\t<\/div>\n\t\t\t\t<\/div>\n\t\t\t\t<div class=\"elementor-element elementor-element-78ffcf7 elementor-widget__width-initial elementor-widget-tablet__width-initial elementor-widget-mobile__width-initial elementor-widget elementor-widget-text-editor\" data-id=\"78ffcf7\" data-element_type=\"widget\" data-e-type=\"widget\" data-widget_type=\"text-editor.default\">\n\t\t\t\t<div class=\"elementor-widget-container\">\n\t\t\t\t\t\t\t\t\t<p>Tudo pronto para impulsionar sua marca? Compartilhe os detalhes conosco preenchendo o formul\u00e1rio abaixo e entraremos em contato em at\u00e9 48 horas. Estamos aqui para lhe apoiar em cada etapa do processo.<\/p>\t\t\t\t\t\t\t\t<\/div>\n\t\t\t\t<\/div>\n\t\t\t\t<div class=\"elementor-element elementor-element-7a1122e animated-slow elementor-invisible elementor-widget elementor-widget-qi_addons_for_elementor_button\" data-id=\"7a1122e\" data-element_type=\"widget\" data-e-type=\"widget\" data-settings=\"{&quot;_animation&quot;:&quot;fadeInUp&quot;,&quot;_animation_delay&quot;:300}\" data-widget_type=\"qi_addons_for_elementor_button.default\">\n\t\t\t\t<div class=\"elementor-widget-container\">\n\t\t\t\t\t<a class=\"qodef-shortcode qodef-m qodef-qi-button qodef-html--link qodef-layout--outlined qodef-type--standard qodef-icon--left qodef-hover--icon-move-vertical\" href=\"#form\" target=\"_self\">\n\t<span class=\"qodef-m-text\">vamos fazer isso!<\/span>\n\t\t<span class=\"qodef-m-icon qodef--icon-color-set\">\n\t\t<span class=\"qodef-m-icon-inner\">\n\t\t\t<svg xmlns=\"http:\/\/www.w3.org\/2000\/svg\" xmlns:xlink=\"http:\/\/www.w3.org\/1999\/xlink\" x=\"0px\" y=\"0px\" width=\"16px\" height=\"16.8px\" viewBox=\"0 0 16 16.8\" style=\"enable-background:new 0 0 16 16.8;\" xml:space=\"preserve\"><style type=\"text\/css\">\t.st0{fill:none;stroke:#000000;stroke-miterlimit:10;}<\/style><rect x=\"0.5\" y=\"3.5\" class=\"st0\" width=\"15\" height=\"12.8\"><\/rect><line class=\"st0\" x1=\"0.4\" y1=\"7.5\" x2=\"16\" y2=\"7.5\"><\/line><line class=\"st0\" x1=\"3.5\" y1=\"6\" x2=\"3.5\" y2=\"0\"><\/line><line class=\"st0\" x1=\"12.5\" y1=\"6\" x2=\"12.5\" y2=\"0\"><\/line><\/svg>\t\t\t\t\t\t\t<svg xmlns=\"http:\/\/www.w3.org\/2000\/svg\" xmlns:xlink=\"http:\/\/www.w3.org\/1999\/xlink\" x=\"0px\" y=\"0px\" width=\"16px\" height=\"16.8px\" viewBox=\"0 0 16 16.8\" style=\"enable-background:new 0 0 16 16.8;\" xml:space=\"preserve\"><style type=\"text\/css\">\t.st0{fill:none;stroke:#000000;stroke-miterlimit:10;}<\/style><rect x=\"0.5\" y=\"3.5\" class=\"st0\" width=\"15\" height=\"12.8\"><\/rect><line class=\"st0\" x1=\"0.4\" y1=\"7.5\" x2=\"16\" y2=\"7.5\"><\/line><line class=\"st0\" x1=\"3.5\" y1=\"6\" x2=\"3.5\" y2=\"0\"><\/line><line class=\"st0\" x1=\"12.5\" y1=\"6\" x2=\"12.5\" y2=\"0\"><\/line><\/svg>\t\t\t\t\t<\/span>\n\t<\/span>\n<\/a>\n\t\t\t\t<\/div>\n\t\t\t\t<\/div>\n\t\t\t\t<\/div>\n\t\t\t\t<\/div>\n\t\t\t\t<div class=\"elementor-element elementor-element-2ad4265 elementor-widget__width-initial elementor-widget-mobile__width-auto elementor-widget-tablet__width-initial elementor-widget elementor-widget-image\" data-id=\"2ad4265\" data-element_type=\"widget\" data-e-type=\"widget\" data-widget_type=\"image.default\">\n\t\t\t\t<div class=\"elementor-widget-container\">\n\t\t\t\t\t\t\t\t\t\t\t\t\t\t\t<img fetchpriority=\"high\" decoding=\"async\" width=\"800\" height=\"800\" src=\"https:\/\/studiomarodesign.com\/pt\/wp-content\/uploads\/2025\/04\/flaviaimg_02.jpg\" class=\"attachment-full size-full wp-image-5977\" alt=\"marcas, identidade visual\" srcset=\"https:\/\/studiomarodesign.com\/pt\/wp-content\/uploads\/2025\/04\/flaviaimg_02.jpg 800w, https:\/\/studiomarodesign.com\/pt\/wp-content\/uploads\/2025\/04\/flaviaimg_02-300x300.jpg 300w, https:\/\/studiomarodesign.com\/pt\/wp-content\/uploads\/2025\/04\/flaviaimg_02-150x150.jpg 150w, https:\/\/studiomarodesign.com\/pt\/wp-content\/uploads\/2025\/04\/flaviaimg_02-768x768.jpg 768w, https:\/\/studiomarodesign.com\/pt\/wp-content\/uploads\/2025\/04\/flaviaimg_02-12x12.jpg 12w, https:\/\/studiomarodesign.com\/pt\/wp-content\/uploads\/2025\/04\/flaviaimg_02-650x650.jpg 650w, https:\/\/studiomarodesign.com\/pt\/wp-content\/uploads\/2025\/04\/flaviaimg_02-600x600.jpg 600w, https:\/\/studiomarodesign.com\/pt\/wp-content\/uploads\/2025\/04\/flaviaimg_02-100x100.jpg 100w\" sizes=\"(max-width: 800px) 100vw, 800px\" \/>\t\t\t\t\t\t\t\t\t\t\t\t\t\t\t<\/div>\n\t\t\t\t<\/div>\n\t\t\t\t<\/div>\n\t\t<div class=\"elementor-element elementor-element-05bad42 e-con-full e-flex e-con e-parent\" data-id=\"05bad42\" data-element_type=\"container\" data-e-type=\"container\" data-settings=\"{&quot;background_background&quot;:&quot;classic&quot;}\">\n\t\t\t\t<div class=\"elementor-element elementor-element-6b6eb2a elementor-widget elementor-widget-qi_addons_for_elementor_text_marquee\" data-id=\"6b6eb2a\" data-element_type=\"widget\" data-e-type=\"widget\" data-widget_type=\"qi_addons_for_elementor_text_marquee.default\">\n\t\t\t\t<div class=\"elementor-widget-container\">\n\t\t\t\t\t<div class=\"qodef-shortcode qodef-m qodef-qi-text-marquee qodef-layout--default\">\n\t<div class=\"qodef-m-content\">\n\t\t<div class=\"qodef-m-text qodef-text--original\">\n\t\t\t\t\t\t\t<span class=\"qodef-m-text-item elementor-repeater-item-6f62306\" >Vamos dar vida \u00e0 sua marca<\/span>\n\t\t\t\t\t\t\t\t\t\t\t<span class=\"qodef-m-text-item elementor-repeater-item-d9dad8e\" >Entre em contato conosco\n<\/span>\n\t\t\t\t\t\t\t\t\t\t\t<span class=\"qodef-m-text-item elementor-repeater-item-8b34cf5\" >TRANSFORME A SUA MARCA<\/span>\n\t\t\t\t\t\t\t\t\t\t\t<span class=\"qodef-m-text-item elementor-repeater-item-fe1ddbe\" >Estamos aqui para fazer acontecer\n<\/span>\n\t\t\t\t\t\t\t\t\t<\/div>\n\t\t<div class=\"qodef-m-text qodef-text--copy\">\n\t\t\t\t\t\t\t<span class=\"qodef-m-text-item elementor-repeater-item-6f62306\" >Vamos dar vida \u00e0 sua marca<\/span>\n\t\t\t\t\t\t\t\t\t\t\t<span class=\"qodef-m-text-item elementor-repeater-item-d9dad8e\" >Entre em contato conosco\n<\/span>\n\t\t\t\t\t\t\t\t\t\t\t<span class=\"qodef-m-text-item elementor-repeater-item-8b34cf5\" >TRANSFORME A SUA MARCA<\/span>\n\t\t\t\t\t\t\t\t\t\t\t<span class=\"qodef-m-text-item elementor-repeater-item-fe1ddbe\" >Estamos aqui para fazer acontecer\n<\/span>\n\t\t\t\t\t\t\t\t\t<\/div>\n\t<\/div>\n<\/div>\n\t\t\t\t<\/div>\n\t\t\t\t<\/div>\n\t\t\t\t<\/div>\n\t\t<div class=\"elementor-element elementor-element-53f2efb e-flex e-con-boxed e-con e-parent\" data-id=\"53f2efb\" data-element_type=\"container\" data-e-type=\"container\" id=\"form\">\n\t\t\t\t\t<div class=\"e-con-inner\">\n\t\t\t\t<div class=\"elementor-element elementor-element-b84c213 elementor-widget__width-initial elementor-button-align-start elementor-widget-tablet__width-inherit animated-slow elementor-invisible elementor-widget elementor-widget-form\" data-id=\"b84c213\" data-element_type=\"widget\" data-e-type=\"widget\" data-settings=\"{&quot;step_next_label&quot;:&quot;Pr\\u00f3ximo&quot;,&quot;step_previous_label&quot;:&quot;Anterior&quot;,&quot;step_type&quot;:&quot;none&quot;,&quot;_animation&quot;:&quot;fadeIn&quot;,&quot;_animation_delay&quot;:200,&quot;button_width&quot;:&quot;100&quot;,&quot;step_icon_shape&quot;:&quot;circle&quot;}\" data-widget_type=\"form.default\">\n\t\t\t\t<div class=\"elementor-widget-container\">\n\t\t\t\t\t\t\t<form class=\"elementor-form\" method=\"post\" name=\"Or\u00e7amento\" aria-label=\"Or\u00e7amento\">\n\t\t\t<input type=\"hidden\" name=\"post_id\" value=\"25\"\/>\n\t\t\t<input type=\"hidden\" name=\"form_id\" value=\"b84c213\"\/>\n\t\t\t<input type=\"hidden\" name=\"referer_title\" value=\"\" \/>\n\n\t\t\t\n\t\t\t<div class=\"elementor-form-fields-wrapper elementor-labels-above\">\n\t\t\t\t\t\t\t\t<div class=\"elementor-field-type-text elementor-field-group elementor-column elementor-field-group-field_7a84a13 elementor-col-50\">\n\t\t\t\t\t\t\t\t\t\t\t\t<label for=\"form-field-field_7a84a13\" class=\"elementor-field-label\">\n\t\t\t\t\t\t\t\tSeu nome\t\t\t\t\t\t\t<\/label>\n\t\t\t\t\t\t\t\t\t\t\t\t\t\t<input size=\"1\" type=\"text\" name=\"form_fields[field_7a84a13]\" id=\"form-field-field_7a84a13\" class=\"elementor-field elementor-size-sm  elementor-field-textual\" placeholder=\"Nome Completo\">\n\t\t\t\t\t\t\t\t\t\t\t<\/div>\n\t\t\t\t\t\t\t\t<div class=\"elementor-field-type-text elementor-field-group elementor-column elementor-field-group-field_7127399 elementor-col-50\">\n\t\t\t\t\t\t\t\t\t\t\t\t<label for=\"form-field-field_7127399\" class=\"elementor-field-label\">\n\t\t\t\t\t\t\t\tNome da Empresa\t\t\t\t\t\t\t<\/label>\n\t\t\t\t\t\t\t\t\t\t\t\t\t\t<input size=\"1\" type=\"text\" name=\"form_fields[field_7127399]\" id=\"form-field-field_7127399\" class=\"elementor-field elementor-size-sm  elementor-field-textual\" placeholder=\"Nome Empresarial\">\n\t\t\t\t\t\t\t\t\t\t\t<\/div>\n\t\t\t\t\t\t\t\t<div class=\"elementor-field-type-email elementor-field-group elementor-column elementor-field-group-email elementor-col-50\">\n\t\t\t\t\t\t\t\t\t\t\t\t<label for=\"form-field-email\" class=\"elementor-field-label\">\n\t\t\t\t\t\t\t\tE-mail\t\t\t\t\t\t\t<\/label>\n\t\t\t\t\t\t\t\t\t\t\t\t\t\t<input size=\"1\" type=\"email\" name=\"form_fields[email]\" id=\"form-field-email\" class=\"elementor-field elementor-size-sm  elementor-field-textual\" placeholder=\"Seu melhor e-mail\">\n\t\t\t\t\t\t\t\t\t\t\t<\/div>\n\t\t\t\t\t\t\t\t<div class=\"elementor-field-type-tel elementor-field-group elementor-column elementor-field-group-field_e04fa6e elementor-col-50\">\n\t\t\t\t\t\t\t\t\t\t\t\t<label for=\"form-field-field_e04fa6e\" class=\"elementor-field-label\">\n\t\t\t\t\t\t\t\tN\u00famero para Contato\t\t\t\t\t\t\t<\/label>\n\t\t\t\t\t\t\t\t<input size=\"1\" type=\"tel\" name=\"form_fields[field_e04fa6e]\" id=\"form-field-field_e04fa6e\" class=\"elementor-field elementor-size-sm  elementor-field-textual\" placeholder=\"Com DDD\" pattern=\"[0-9()#&amp;+*-=.]+\" title=\"Apenas n\u00fameros e caracteres de telefone (#, -, *, etc.) s\u00e3o aceitos.\">\n\n\t\t\t\t\t\t<\/div>\n\t\t\t\t\t\t\t\t<div class=\"elementor-field-type-text elementor-field-group elementor-column elementor-field-group-field_6df72ca elementor-col-50\">\n\t\t\t\t\t\t\t\t\t\t\t\t<label for=\"form-field-field_6df72ca\" class=\"elementor-field-label\">\n\t\t\t\t\t\t\t\tEstado\/Pa\u00eds\t\t\t\t\t\t\t<\/label>\n\t\t\t\t\t\t\t\t\t\t\t\t\t\t<input size=\"1\" type=\"text\" name=\"form_fields[field_6df72ca]\" id=\"form-field-field_6df72ca\" class=\"elementor-field elementor-size-sm  elementor-field-textual\" placeholder=\"S\u00e3o Paulo, Brasil\">\n\t\t\t\t\t\t\t\t\t\t\t<\/div>\n\t\t\t\t\t\t\t\t<div class=\"elementor-field-type-text elementor-field-group elementor-column elementor-field-group-field_69820bb elementor-col-50\">\n\t\t\t\t\t\t\t\t\t\t\t\t<label for=\"form-field-field_69820bb\" class=\"elementor-field-label\">\n\t\t\t\t\t\t\t\tInstagram comercial, se houver\t\t\t\t\t\t\t<\/label>\n\t\t\t\t\t\t\t\t\t\t\t\t\t\t<input size=\"1\" type=\"text\" name=\"form_fields[field_69820bb]\" id=\"form-field-field_69820bb\" class=\"elementor-field elementor-size-sm  elementor-field-textual\" placeholder=\"@suaempresa\">\n\t\t\t\t\t\t\t\t\t\t\t<\/div>\n\t\t\t\t\t\t\t\t<div class=\"elementor-field-type-checkbox elementor-field-group elementor-column elementor-field-group-field_56f206c elementor-col-100\">\n\t\t\t\t\t\t\t\t\t\t\t\t<label for=\"form-field-field_56f206c\" class=\"elementor-field-label\">\n\t\t\t\t\t\t\t\tEm quais servi\u00e7os voc\u00ea tem interesse?\t\t\t\t\t\t\t<\/label>\n\t\t\t\t\t\t<div class=\"elementor-field-subgroup  \"><span class=\"elementor-field-option\"><input type=\"checkbox\" value=\"Consultoria de Marca\" id=\"form-field-field_56f206c-0\" name=\"form_fields[field_56f206c][]\"> <label for=\"form-field-field_56f206c-0\">Consultoria de Marca<\/label><\/span><span class=\"elementor-field-option\"><input type=\"checkbox\" value=\"Identidade Visual\" id=\"form-field-field_56f206c-1\" name=\"form_fields[field_56f206c][]\"> <label for=\"form-field-field_56f206c-1\">Identidade Visual<\/label><\/span><span class=\"elementor-field-option\"><input type=\"checkbox\" value=\"Social Media \" id=\"form-field-field_56f206c-2\" name=\"form_fields[field_56f206c][]\"> <label for=\"form-field-field_56f206c-2\">Social Media <\/label><\/span><span class=\"elementor-field-option\"><input type=\"checkbox\" value=\"Tr\u00e1fego Pago\" id=\"form-field-field_56f206c-3\" name=\"form_fields[field_56f206c][]\"> <label for=\"form-field-field_56f206c-3\">Tr\u00e1fego Pago<\/label><\/span><span class=\"elementor-field-option\"><input type=\"checkbox\" value=\"Automa\u00e7\u00f5es IA\" id=\"form-field-field_56f206c-4\" name=\"form_fields[field_56f206c][]\"> <label for=\"form-field-field_56f206c-4\">Automa\u00e7\u00f5es IA<\/label><\/span><span class=\"elementor-field-option\"><input type=\"checkbox\" value=\"Cria\u00e7\u00e3o de Site\" id=\"form-field-field_56f206c-5\" name=\"form_fields[field_56f206c][]\"> <label for=\"form-field-field_56f206c-5\">Cria\u00e7\u00e3o de Site<\/label><\/span><span class=\"elementor-field-option\"><input type=\"checkbox\" value=\"Todas as anteriores\" id=\"form-field-field_56f206c-6\" name=\"form_fields[field_56f206c][]\"> <label for=\"form-field-field_56f206c-6\">Todas as anteriores<\/label><\/span><\/div>\t\t\t\t<\/div>\n\t\t\t\t\t\t\t\t<div class=\"elementor-field-type-text elementor-field-group elementor-column elementor-field-group-message elementor-col-100\">\n\t\t\t\t\t\t\t\t\t\t\t\t<label for=\"form-field-message\" class=\"elementor-field-label\">\n\t\t\t\t\t\t\t\tConte-nos sobre seu neg\u00f3cio\/projeto\t\t\t\t\t\t\t<\/label>\n\t\t\t\t\t\t\t\t\t\t\t\t\t\t<input size=\"1\" type=\"text\" name=\"form_fields[message]\" id=\"form-field-message\" class=\"elementor-field elementor-size-sm  elementor-field-textual\">\n\t\t\t\t\t\t\t\t\t\t\t<\/div>\n\t\t\t\t\t\t\t\t<div class=\"elementor-field-type-checkbox elementor-field-group elementor-column elementor-field-group-field_952f490 elementor-col-100\">\n\t\t\t\t\t\t\t\t\t\t\t\t<label for=\"form-field-field_952f490\" class=\"elementor-field-label\">\n\t\t\t\t\t\t\t\tComo me conheceu?\t\t\t\t\t\t\t<\/label>\n\t\t\t\t\t\t<div class=\"elementor-field-subgroup  elementor-subgroup-inline\"><span class=\"elementor-field-option\"><input type=\"checkbox\" value=\"Instagram\" id=\"form-field-field_952f490-0\" name=\"form_fields[field_952f490][]\"> <label for=\"form-field-field_952f490-0\">Instagram<\/label><\/span><span class=\"elementor-field-option\"><input type=\"checkbox\" value=\"Facebook\" id=\"form-field-field_952f490-1\" name=\"form_fields[field_952f490][]\"> <label for=\"form-field-field_952f490-1\">Facebook<\/label><\/span><span class=\"elementor-field-option\"><input type=\"checkbox\" value=\"Google\" id=\"form-field-field_952f490-2\" name=\"form_fields[field_952f490][]\"> <label for=\"form-field-field_952f490-2\">Google<\/label><\/span><span class=\"elementor-field-option\"><input type=\"checkbox\" value=\"Pinterest\" id=\"form-field-field_952f490-3\" name=\"form_fields[field_952f490][]\"> <label for=\"form-field-field_952f490-3\">Pinterest<\/label><\/span><span class=\"elementor-field-option\"><input type=\"checkbox\" value=\"Indica\u00e7\u00e3o\" id=\"form-field-field_952f490-4\" name=\"form_fields[field_952f490][]\"> <label for=\"form-field-field_952f490-4\">Indica\u00e7\u00e3o<\/label><\/span><span class=\"elementor-field-option\"><input type=\"checkbox\" value=\"Outro\" id=\"form-field-field_952f490-5\" name=\"form_fields[field_952f490][]\"> <label for=\"form-field-field_952f490-5\">Outro<\/label><\/span><\/div>\t\t\t\t<\/div>\n\t\t\t\t\t\t\t\t<div class=\"elementor-field-type-text\">\n\t\t\t\t\t<input size=\"1\" type=\"text\" name=\"form_fields[field_2df7613]\" id=\"form-field-field_2df7613\" class=\"elementor-field elementor-size-sm \" style=\"display:none !important;\">\t\t\t\t<\/div>\n\t\t\t\t\t\t\t\t<div class=\"elementor-field-type-text\">\n\t\t\t\t\t<input size=\"1\" type=\"text\" name=\"form_fields[field_f07cedf]\" id=\"form-field-field_f07cedf\" class=\"elementor-field elementor-size-sm \" style=\"display:none !important;\">\t\t\t\t<\/div>\n\t\t\t\t\t\t\t\t<div class=\"elementor-field-type-text\">\n\t\t\t\t\t<input size=\"1\" type=\"text\" name=\"form_fields[field_29e6615]\" id=\"form-field-field_29e6615\" class=\"elementor-field elementor-size-sm \" style=\"display:none !important;\">\t\t\t\t<\/div>\n\t\t\t\t\t\t\t\t<div class=\"elementor-field-type-text\">\n\t\t\t\t\t<input size=\"1\" type=\"text\" name=\"form_fields[field_493a671]\" id=\"form-field-field_493a671\" class=\"elementor-field elementor-size-sm \" style=\"display:none !important;\">\t\t\t\t<\/div>\n\t\t\t\t\t\t\t\t<div class=\"elementor-field-type-text\">\n\t\t\t\t\t<input size=\"1\" type=\"text\" name=\"form_fields[field_e0133ed]\" id=\"form-field-field_e0133ed\" class=\"elementor-field elementor-size-sm \" style=\"display:none !important;\">\t\t\t\t<\/div>\n\t\t\t\t\t\t\t\t<div class=\"elementor-field-type-text\">\n\t\t\t\t\t<input size=\"1\" type=\"text\" name=\"form_fields[field_0f07a94]\" id=\"form-field-field_0f07a94\" class=\"elementor-field elementor-size-sm \" style=\"display:none !important;\">\t\t\t\t<\/div>\n\t\t\t\t\t\t\t\t<div class=\"elementor-field-group elementor-column elementor-field-type-submit elementor-col-100 e-form__buttons\">\n\t\t\t\t\t<button class=\"elementor-button elementor-size-sm\" type=\"submit\">\n\t\t\t\t\t\t<span class=\"elementor-button-content-wrapper\">\n\t\t\t\t\t\t\t\t\t\t\t\t\t\t\t\t\t\t\t\t\t\t<span class=\"elementor-button-text\">ENVIAR<\/span>\n\t\t\t\t\t\t\t\t\t\t\t\t\t<\/span>\n\t\t\t\t\t<\/button>\n\t\t\t\t<\/div>\n\t\t\t<\/div>\n\t\t<\/form>\n\t\t\t\t\t\t<\/div>\n\t\t\t\t<\/div>\n\t\t\t\t\t<\/div>\n\t\t\t\t<\/div>\n\t\t\t\t<\/div>\n\t\t","protected":false},"excerpt":{"rendered":"<p>OR\u00c7AMENTO ENTRE em CONTATO Tudo pronto para impulsionar sua marca? Compartilhe os detalhes conosco preenchendo o formul\u00e1rio abaixo e entraremos em contato em at\u00e9 48 horas. Estamos aqui para lhe apoiar em cada etapa do processo. vamos fazer isso! Vamos dar vida \u00e0 sua marca Entre em contato conosco TRANSFORME A SUA MARCA Estamos aqui [&hellip;]<\/p>\n","protected":false},"author":1,"featured_media":0,"parent":0,"menu_order":0,"comment_status":"closed","ping_status":"closed","template":"","meta":{"_acf_changed":false,"footnotes":""},"class_list":["post-25","page","type-page","status-publish","hentry"],"acf":[],"_hostinger_reach_plugin_has_subscription_block":false,"_hostinger_reach_plugin_is_elementor":false,"_links":{"self":[{"href":"https:\/\/studiomarodesign.com\/pt\/wp-json\/wp\/v2\/pages\/25","targetHints":{"allow":["GET"]}}],"collection":[{"href":"https:\/\/studiomarodesign.com\/pt\/wp-json\/wp\/v2\/pages"}],"about":[{"href":"https:\/\/studiomarodesign.com\/pt\/wp-json\/wp\/v2\/types\/page"}],"author":[{"embeddable":true,"href":"https:\/\/studiomarodesign.com\/pt\/wp-json\/wp\/v2\/users\/1"}],"replies":[{"embeddable":true,"href":"https:\/\/studiomarodesign.com\/pt\/wp-json\/wp\/v2\/comments?post=25"}],"version-history":[{"count":9,"href":"https:\/\/studiomarodesign.com\/pt\/wp-json\/wp\/v2\/pages\/25\/revisions"}],"predecessor-version":[{"id":6513,"href":"https:\/\/studiomarodesign.com\/pt\/wp-json\/wp\/v2\/pages\/25\/revisions\/6513"}],"wp:attachment":[{"href":"https:\/\/studiomarodesign.com\/pt\/wp-json\/wp\/v2\/media?parent=25"}],"curies":[{"name":"wp","href":"https:\/\/api.w.org\/{rel}","templated":true}]}}