{"id":17,"date":"2024-11-07T15:34:54","date_gmt":"2024-11-07T15:34:54","guid":{"rendered":"https:\/\/studiomarodesign.com\/pt\/?page_id=17"},"modified":"2026-04-06T14:32:19","modified_gmt":"2026-04-06T19:32:19","slug":"sobre","status":"publish","type":"page","link":"https:\/\/studiomarodesign.com\/pt\/sobre\/","title":{"rendered":"Sobre n\u00f3s"},"content":{"rendered":"\t\t<div data-elementor-type=\"wp-page\" data-elementor-id=\"17\" class=\"elementor elementor-17\" data-elementor-post-type=\"page\">\n\t\t\t\t<div class=\"elementor-element elementor-element-a04923f animated-slow e-flex e-con-boxed elementor-invisible e-con e-parent\" data-id=\"a04923f\" data-element_type=\"container\" data-e-type=\"container\" data-settings=\"{&quot;background_background&quot;:&quot;classic&quot;,&quot;animation&quot;:&quot;fadeIn&quot;,&quot;animation_delay&quot;:400}\">\n\t\t\t\t\t<div class=\"e-con-inner\">\n\t\t<div class=\"elementor-element elementor-element-f6354ea e-con-full e-flex e-con e-child\" data-id=\"f6354ea\" data-element_type=\"container\" data-e-type=\"container\">\n\t\t\t\t<div class=\"elementor-element elementor-element-4a653cd elementor-widget__width-initial elementor-widget-mobile__width-auto elementor-widget elementor-widget-image\" data-id=\"4a653cd\" data-element_type=\"widget\" data-e-type=\"widget\" data-widget_type=\"image.default\">\n\t\t\t\t<div class=\"elementor-widget-container\">\n\t\t\t\t\t\t\t\t\t\t\t\t\t\t\t<img fetchpriority=\"high\" decoding=\"async\" width=\"650\" height=\"650\" src=\"https:\/\/studiomarodesign.com\/pt\/wp-content\/uploads\/2025\/04\/flavia-about-.png\" class=\"attachment-full size-full wp-image-5726\" alt=\"\" srcset=\"https:\/\/studiomarodesign.com\/pt\/wp-content\/uploads\/2025\/04\/flavia-about-.png 650w, https:\/\/studiomarodesign.com\/pt\/wp-content\/uploads\/2025\/04\/flavia-about--300x300.png 300w, https:\/\/studiomarodesign.com\/pt\/wp-content\/uploads\/2025\/04\/flavia-about--150x150.png 150w, https:\/\/studiomarodesign.com\/pt\/wp-content\/uploads\/2025\/04\/flavia-about--12x12.png 12w, https:\/\/studiomarodesign.com\/pt\/wp-content\/uploads\/2025\/04\/flavia-about--600x600.png 600w, https:\/\/studiomarodesign.com\/pt\/wp-content\/uploads\/2025\/04\/flavia-about--100x100.png 100w\" sizes=\"(max-width: 650px) 100vw, 650px\" \/>\t\t\t\t\t\t\t\t\t\t\t\t\t\t\t<\/div>\n\t\t\t\t<\/div>\n\t\t\t\t<\/div>\n\t\t<div class=\"elementor-element elementor-element-9f34ad9 e-con-full e-flex e-con e-child\" data-id=\"9f34ad9\" data-element_type=\"container\" data-e-type=\"container\">\n\t\t\t\t<div class=\"elementor-element elementor-element-3f34a42 elementor-widget elementor-widget-heading\" data-id=\"3f34a42\" data-element_type=\"widget\" data-e-type=\"widget\" data-widget_type=\"heading.default\">\n\t\t\t\t<div class=\"elementor-widget-container\">\n\t\t\t\t\t<h2 class=\"elementor-heading-title elementor-size-default\">QUEM SOU EU?<\/h2>\t\t\t\t<\/div>\n\t\t\t\t<\/div>\n\t\t\t\t<div class=\"elementor-element elementor-element-98fa603 elementor-widget__width-initial elementor-widget-tablet__width-initial elementor-widget-mobile__width-auto elementor-widget elementor-widget-heading\" data-id=\"98fa603\" data-element_type=\"widget\" data-e-type=\"widget\" data-widget_type=\"heading.default\">\n\t\t\t\t<div class=\"elementor-widget-container\">\n\t\t\t\t\t<h2 class=\"elementor-heading-title elementor-size-default\">Ol\u00e1, seja bem-vinda. Me chamo <i>Fl\u00e1via Maro,<\/i><\/h2>\t\t\t\t<\/div>\n\t\t\t\t<\/div>\n\t\t\t\t<div class=\"elementor-element elementor-element-780483b elementor-widget-mobile__width-inherit elementor-widget elementor-widget-heading\" data-id=\"780483b\" data-element_type=\"widget\" data-e-type=\"widget\" data-widget_type=\"heading.default\">\n\t\t\t\t<div class=\"elementor-widget-container\">\n\t\t\t\t\t<h2 class=\"elementor-heading-title elementor-size-default\">Minha trajet\u00f3ria come\u00e7ou h\u00e1 cerca de 7 anos<\/h2>\t\t\t\t<\/div>\n\t\t\t\t<\/div>\n\t\t\t\t<div class=\"elementor-element elementor-element-4a5f01c elementor-widget__width-initial elementor-widget-mobile__width-inherit elementor-widget-tablet__width-inherit elementor-widget elementor-widget-text-editor\" data-id=\"4a5f01c\" data-element_type=\"widget\" data-e-type=\"widget\" data-widget_type=\"text-editor.default\">\n\t\t\t\t<div class=\"elementor-widget-container\">\n\t\t\t\t\t\t\t\t\t<p data-start=\"196\" data-end=\"347\">com forma\u00e7\u00e3o em Administra\u00e7\u00e3o e uma atua\u00e7\u00e3o sempre direcionada ao marketing dentro dessa base de gest\u00e3o.<\/p><p data-start=\"354\" data-end=\"530\">Hoje, trago uma vis\u00e3o que une marketing e performance, aplicada na constru\u00e7\u00e3o de marcas que buscam se posicionar com clareza e crescer no digital com consist\u00eancia.<\/p><p data-start=\"537\" data-end=\"645\">Meu trabalho \u00e9 estruturar posicionamento, organizar comunica\u00e7\u00e3o e transformar presen\u00e7a digital em resultado.<\/p>\t\t\t\t\t\t\t\t<\/div>\n\t\t\t\t<\/div>\n\t\t\t\t<div class=\"elementor-element elementor-element-3272394 elementor-widget elementor-widget-image\" data-id=\"3272394\" data-element_type=\"widget\" data-e-type=\"widget\" data-widget_type=\"image.default\">\n\t\t\t\t<div class=\"elementor-widget-container\">\n\t\t\t\t\t\t\t\t\t\t\t\t\t\t\t<img decoding=\"async\" width=\"215\" height=\"66\" src=\"https:\/\/studiomarodesign.com\/pt\/wp-content\/uploads\/2024\/11\/Signature001.png\" class=\"attachment-full size-full wp-image-5131\" alt=\"\" srcset=\"https:\/\/studiomarodesign.com\/pt\/wp-content\/uploads\/2024\/11\/Signature001.png 215w, https:\/\/studiomarodesign.com\/pt\/wp-content\/uploads\/2024\/11\/Signature001-18x6.png 18w\" sizes=\"(max-width: 215px) 100vw, 215px\" \/>\t\t\t\t\t\t\t\t\t\t\t\t\t\t\t<\/div>\n\t\t\t\t<\/div>\n\t\t\t\t<\/div>\n\t\t\t\t\t<\/div>\n\t\t\t\t<\/div>\n\t\t<div class=\"elementor-element elementor-element-e7f3ecb e-flex e-con-boxed e-con e-parent\" data-id=\"e7f3ecb\" data-element_type=\"container\" data-e-type=\"container\" data-settings=\"{&quot;background_background&quot;:&quot;classic&quot;}\">\n\t\t\t\t\t<div class=\"e-con-inner\">\n\t\t<div class=\"elementor-element elementor-element-24e9e3d e-con-full e-flex e-con e-child\" data-id=\"24e9e3d\" data-element_type=\"container\" data-e-type=\"container\">\n\t\t\t\t<div class=\"elementor-element elementor-element-17c48da elementor-widget__width-auto elementor-widget elementor-widget-counter\" data-id=\"17c48da\" data-element_type=\"widget\" data-e-type=\"widget\" data-widget_type=\"counter.default\">\n\t\t\t\t<div class=\"elementor-widget-container\">\n\t\t\t\t\t\t\t<div class=\"elementor-counter\">\n\t\t\t\t\t\t<div class=\"elementor-counter-number-wrapper\">\n\t\t\t\t<span class=\"elementor-counter-number-prefix\"><\/span>\n\t\t\t\t<span class=\"elementor-counter-number\" data-duration=\"2000\" data-to-value=\"94\" data-from-value=\"0\" data-delimiter=\",\">0<\/span>\n\t\t\t\t<span class=\"elementor-counter-number-suffix\">%<\/span>\n\t\t\t<\/div>\n\t\t<\/div>\n\t\t\t\t\t\t<\/div>\n\t\t\t\t<\/div>\n\t\t\t\t<div class=\"elementor-element elementor-element-bb6796f elementor-widget__width-initial elementor-widget elementor-widget-text-editor\" data-id=\"bb6796f\" data-element_type=\"widget\" data-e-type=\"widget\" data-widget_type=\"text-editor.default\">\n\t\t\t\t<div class=\"elementor-widget-container\">\n\t\t\t\t\t\t\t\t\t<p>Das pessoas apontam uma presen\u00e7a digital mal estruturada como motivo para n\u00e3o comprar<\/p>\t\t\t\t\t\t\t\t<\/div>\n\t\t\t\t<\/div>\n\t\t\t\t<\/div>\n\t\t<div class=\"elementor-element elementor-element-9ca8295 e-con-full e-flex e-con e-child\" data-id=\"9ca8295\" data-element_type=\"container\" data-e-type=\"container\">\n\t\t\t\t<div class=\"elementor-element elementor-element-5a9a262 elementor-widget__width-auto elementor-widget elementor-widget-counter\" data-id=\"5a9a262\" data-element_type=\"widget\" data-e-type=\"widget\" data-widget_type=\"counter.default\">\n\t\t\t\t<div class=\"elementor-widget-container\">\n\t\t\t\t\t\t\t<div class=\"elementor-counter\">\n\t\t\t\t\t\t<div class=\"elementor-counter-number-wrapper\">\n\t\t\t\t<span class=\"elementor-counter-number-prefix\"><\/span>\n\t\t\t\t<span class=\"elementor-counter-number\" data-duration=\"2000\" data-to-value=\"75\" data-from-value=\"0\" data-delimiter=\",\">0<\/span>\n\t\t\t\t<span class=\"elementor-counter-number-suffix\">%<\/span>\n\t\t\t<\/div>\n\t\t<\/div>\n\t\t\t\t\t\t<\/div>\n\t\t\t\t<\/div>\n\t\t\t\t<div class=\"elementor-element elementor-element-cc6a390 elementor-widget__width-initial elementor-widget elementor-widget-text-editor\" data-id=\"cc6a390\" data-element_type=\"widget\" data-e-type=\"widget\" data-widget_type=\"text-editor.default\">\n\t\t\t\t<div class=\"elementor-widget-container\">\n\t\t\t\t\t\t\t\t\t<p>Dos consumidores avaliam a credibilidade de uma empresa com base na sua presen\u00e7a online<\/p>\t\t\t\t\t\t\t\t<\/div>\n\t\t\t\t<\/div>\n\t\t\t\t<\/div>\n\t\t\t\t\t<\/div>\n\t\t\t\t<\/div>\n\t\t<div class=\"elementor-element elementor-element-108bb72 e-con-full e-flex e-con e-child\" data-id=\"108bb72\" data-element_type=\"container\" data-e-type=\"container\">\n\t\t\t\t<div class=\"elementor-element elementor-element-a882342 elementor-widget elementor-widget-heading\" data-id=\"a882342\" data-element_type=\"widget\" data-e-type=\"widget\" data-widget_type=\"heading.default\">\n\t\t\t\t<div class=\"elementor-widget-container\">\n\t\t\t\t\t<h2 class=\"elementor-heading-title elementor-size-default\"><br><br>ADORO TRABALHAR COM\n<\/h2>\t\t\t\t<\/div>\n\t\t\t\t<\/div>\n\t\t\t\t<div class=\"elementor-element elementor-element-d3e59fa elementor-widget__width-initial elementor-widget-tablet__width-initial elementor-widget-mobile__width-initial elementor-widget elementor-widget-heading\" data-id=\"d3e59fa\" data-element_type=\"widget\" data-e-type=\"widget\" data-widget_type=\"heading.default\">\n\t\t\t\t<div class=\"elementor-widget-container\">\n\t\t\t\t\t<h2 class=\"elementor-heading-title elementor-size-default\">MARCAS QUE QUEREM CRESCER COM DIRE\u00c7\u00c3O. <i>\u00c9 o seu caso?\n<\/i><\/h2>\t\t\t\t<\/div>\n\t\t\t\t<\/div>\n\t\t\t\t<div class=\"elementor-element elementor-element-7afb0e9 animated-slow elementor-invisible elementor-widget elementor-widget-qi_addons_for_elementor_button\" data-id=\"7afb0e9\" data-element_type=\"widget\" data-e-type=\"widget\" data-settings=\"{&quot;_animation&quot;:&quot;fadeInUp&quot;,&quot;_animation_delay&quot;:300}\" data-widget_type=\"qi_addons_for_elementor_button.default\">\n\t\t\t\t<div class=\"elementor-widget-container\">\n\t\t\t\t\t<a class=\"qodef-shortcode qodef-m qodef-qi-button qodef-html--link qodef-layout--outlined qodef-type--standard qodef-icon--left qodef-hover--icon-move-vertical\" href=\"https:\/\/studiomarodesign.com\/pt\/contato\/\" target=\"_self\">\n\t<span class=\"qodef-m-text\">COMECE SEU PR\u00d3XIMO CAP\u00cdTULO \u2192<\/span>\n\t<\/a>\n\t\t\t\t<\/div>\n\t\t\t\t<\/div>\n\t\t\t\t<\/div>\n\t\t<div class=\"elementor-element elementor-element-622bf61 e-flex e-con-boxed e-con e-parent\" data-id=\"622bf61\" data-element_type=\"container\" data-e-type=\"container\" data-settings=\"{&quot;background_background&quot;:&quot;classic&quot;}\">\n\t\t\t\t\t<div class=\"e-con-inner\">\n\t\t<div class=\"elementor-element elementor-element-9f73df8 e-con-full e-flex e-con e-child\" data-id=\"9f73df8\" data-element_type=\"container\" data-e-type=\"container\">\n\t\t\t\t<div class=\"elementor-element elementor-element-d62d0c5 elementor-widget-tablet__width-initial elementor-widget__width-inherit animated-slow elementor-invisible elementor-widget elementor-widget-heading\" data-id=\"d62d0c5\" data-element_type=\"widget\" data-e-type=\"widget\" data-settings=\"{&quot;_animation&quot;:&quot;fadeInUp&quot;,&quot;_animation_delay&quot;:1000}\" data-widget_type=\"heading.default\">\n\t\t\t\t<div class=\"elementor-widget-container\">\n\t\t\t\t\t<h2 class=\"elementor-heading-title elementor-size-default\">ACOMPANHE <i><span style=\"font-size: 33px\">a<\/span><\/i> JORNADA<\/h2>\t\t\t\t<\/div>\n\t\t\t\t<\/div>\n\t\t\t\t<div class=\"elementor-element elementor-element-079c1a0 elementor-widget elementor-widget-image-carousel\" data-id=\"079c1a0\" data-element_type=\"widget\" data-e-type=\"widget\" data-settings=\"{&quot;slides_to_show&quot;:&quot;5&quot;,&quot;slides_to_show_tablet&quot;:&quot;4&quot;,&quot;slides_to_show_mobile&quot;:&quot;3&quot;,&quot;slides_to_scroll&quot;:&quot;1&quot;,&quot;navigation&quot;:&quot;none&quot;,&quot;autoplay_speed&quot;:3000,&quot;speed&quot;:3000,&quot;image_spacing_custom&quot;:{&quot;unit&quot;:&quot;px&quot;,&quot;size&quot;:5,&quot;sizes&quot;:[]},&quot;image_spacing_custom_tablet&quot;:{&quot;unit&quot;:&quot;px&quot;,&quot;size&quot;:5,&quot;sizes&quot;:[]},&quot;image_spacing_custom_mobile&quot;:{&quot;unit&quot;:&quot;px&quot;,&quot;size&quot;:4,&quot;sizes&quot;:[]},&quot;autoplay&quot;:&quot;yes&quot;,&quot;pause_on_hover&quot;:&quot;yes&quot;,&quot;pause_on_interaction&quot;:&quot;yes&quot;,&quot;infinite&quot;:&quot;yes&quot;}\" data-widget_type=\"image-carousel.default\">\n\t\t\t\t<div class=\"elementor-widget-container\">\n\t\t\t\t\t\t\t<div class=\"elementor-image-carousel-wrapper swiper\" role=\"region\" aria-roledescription=\"carousel\" aria-label=\"Image Carousel\" dir=\"ltr\">\n\t\t\t<div class=\"elementor-image-carousel swiper-wrapper\" aria-live=\"off\">\n\t\t\t\t\t\t\t\t<div class=\"swiper-slide\" role=\"group\" aria-roledescription=\"slide\" aria-label=\"1 de 5\"><a data-elementor-open-lightbox=\"yes\" data-elementor-lightbox-slideshow=\"079c1a0\" data-elementor-lightbox-title=\"ig_01\" data-e-action-hash=\"#elementor-action%3Aaction%3Dlightbox%26settings%3DeyJpZCI6NDY1MCwidXJsIjoiaHR0cHM6XC9cL3N0dWRpb21hcm9kZXNpZ24uY29tXC9wdFwvd3AtY29udGVudFwvdXBsb2Fkc1wvMjAyNFwvMTFcL2lnXzAxLmpwZyIsInNsaWRlc2hvdyI6IjA3OWMxYTAifQ%3D%3D\" href=\"https:\/\/www.instagram.com\/studiomarodesign\/\" target=\"_blank\" rel=\"noopener\"><figure class=\"swiper-slide-inner\"><img decoding=\"async\" class=\"swiper-slide-image\" src=\"https:\/\/studiomarodesign.com\/pt\/wp-content\/uploads\/2024\/11\/ig_01.jpg\" alt=\"ig_01\" \/><\/figure><\/a><\/div><div class=\"swiper-slide\" role=\"group\" aria-roledescription=\"slide\" aria-label=\"2 de 5\"><a data-elementor-open-lightbox=\"yes\" data-elementor-lightbox-slideshow=\"079c1a0\" data-elementor-lightbox-title=\"ig_02\" data-e-action-hash=\"#elementor-action%3Aaction%3Dlightbox%26settings%3DeyJpZCI6NDY1MSwidXJsIjoiaHR0cHM6XC9cL3N0dWRpb21hcm9kZXNpZ24uY29tXC9wdFwvd3AtY29udGVudFwvdXBsb2Fkc1wvMjAyNFwvMTFcL2lnXzAyLmpwZyIsInNsaWRlc2hvdyI6IjA3OWMxYTAifQ%3D%3D\" href=\"https:\/\/www.instagram.com\/studiomarodesign\/\" target=\"_blank\" rel=\"noopener\"><figure class=\"swiper-slide-inner\"><img decoding=\"async\" class=\"swiper-slide-image\" src=\"https:\/\/studiomarodesign.com\/pt\/wp-content\/uploads\/2024\/11\/ig_02.jpg\" alt=\"ig_02\" \/><\/figure><\/a><\/div><div class=\"swiper-slide\" role=\"group\" aria-roledescription=\"slide\" aria-label=\"3 de 5\"><a data-elementor-open-lightbox=\"yes\" data-elementor-lightbox-slideshow=\"079c1a0\" data-elementor-lightbox-title=\"ig_03\" data-e-action-hash=\"#elementor-action%3Aaction%3Dlightbox%26settings%3DeyJpZCI6NDY1MiwidXJsIjoiaHR0cHM6XC9cL3N0dWRpb21hcm9kZXNpZ24uY29tXC9wdFwvd3AtY29udGVudFwvdXBsb2Fkc1wvMjAyNFwvMTFcL2lnXzAzLmpwZyIsInNsaWRlc2hvdyI6IjA3OWMxYTAifQ%3D%3D\" href=\"https:\/\/www.instagram.com\/studiomarodesign\/\" target=\"_blank\" rel=\"noopener\"><figure class=\"swiper-slide-inner\"><img decoding=\"async\" class=\"swiper-slide-image\" src=\"https:\/\/studiomarodesign.com\/pt\/wp-content\/uploads\/2024\/11\/ig_03.jpg\" alt=\"ig_03\" \/><\/figure><\/a><\/div><div class=\"swiper-slide\" role=\"group\" aria-roledescription=\"slide\" aria-label=\"4 de 5\"><a data-elementor-open-lightbox=\"yes\" data-elementor-lightbox-slideshow=\"079c1a0\" data-elementor-lightbox-title=\"ig_04\" data-e-action-hash=\"#elementor-action%3Aaction%3Dlightbox%26settings%3DeyJpZCI6NDY1MywidXJsIjoiaHR0cHM6XC9cL3N0dWRpb21hcm9kZXNpZ24uY29tXC9wdFwvd3AtY29udGVudFwvdXBsb2Fkc1wvMjAyNFwvMTFcL2lnXzA0LmpwZyIsInNsaWRlc2hvdyI6IjA3OWMxYTAifQ%3D%3D\" href=\"https:\/\/www.instagram.com\/studiomarodesign\/\" target=\"_blank\" rel=\"noopener\"><figure class=\"swiper-slide-inner\"><img decoding=\"async\" class=\"swiper-slide-image\" src=\"https:\/\/studiomarodesign.com\/pt\/wp-content\/uploads\/2024\/11\/ig_04.jpg\" alt=\"ig_04\" \/><\/figure><\/a><\/div><div class=\"swiper-slide\" role=\"group\" aria-roledescription=\"slide\" aria-label=\"5 de 5\"><a data-elementor-open-lightbox=\"yes\" data-elementor-lightbox-slideshow=\"079c1a0\" data-elementor-lightbox-title=\"image 64\" data-e-action-hash=\"#elementor-action%3Aaction%3Dlightbox%26settings%3DeyJpZCI6NDY2NywidXJsIjoiaHR0cHM6XC9cL3N0dWRpb21hcm9kZXNpZ24uY29tXC9wdFwvd3AtY29udGVudFwvdXBsb2Fkc1wvMjAyNFwvMTFcL2ltYWdlLTY0LmpwZyIsInNsaWRlc2hvdyI6IjA3OWMxYTAifQ%3D%3D\" href=\"https:\/\/www.instagram.com\/studiomarodesign\/\" target=\"_blank\" rel=\"noopener\"><figure class=\"swiper-slide-inner\"><img decoding=\"async\" class=\"swiper-slide-image\" src=\"https:\/\/studiomarodesign.com\/pt\/wp-content\/uploads\/2024\/11\/image-64.jpg\" alt=\"image 64\" \/><\/figure><\/a><\/div>\t\t\t<\/div>\n\t\t\t\t\t\t\t\n\t\t\t\t\t\t\t\t\t<\/div>\n\t\t\t\t\t\t<\/div>\n\t\t\t\t<\/div>\n\t\t\t\t<\/div>\n\t\t\t\t\t<\/div>\n\t\t\t\t<\/div>\n\t\t\t\t<\/div>\n\t\t","protected":false},"excerpt":{"rendered":"<p>QUEM SOU EU? Ol\u00e1, seja bem-vinda. Me chamo Fl\u00e1via Maro, Minha trajet\u00f3ria come\u00e7ou h\u00e1 cerca de 7 anos com forma\u00e7\u00e3o em Administra\u00e7\u00e3o e uma atua\u00e7\u00e3o sempre direcionada ao marketing dentro dessa base de gest\u00e3o. Hoje, trago uma vis\u00e3o que une marketing e performance, aplicada na constru\u00e7\u00e3o de marcas que buscam se posicionar com clareza e [&hellip;]<\/p>\n","protected":false},"author":1,"featured_media":0,"parent":0,"menu_order":0,"comment_status":"closed","ping_status":"closed","template":"","meta":{"_acf_changed":false,"footnotes":""},"class_list":["post-17","page","type-page","status-publish","hentry"],"acf":[],"_hostinger_reach_plugin_has_subscription_block":false,"_hostinger_reach_plugin_is_elementor":false,"_links":{"self":[{"href":"https:\/\/studiomarodesign.com\/pt\/wp-json\/wp\/v2\/pages\/17","targetHints":{"allow":["GET"]}}],"collection":[{"href":"https:\/\/studiomarodesign.com\/pt\/wp-json\/wp\/v2\/pages"}],"about":[{"href":"https:\/\/studiomarodesign.com\/pt\/wp-json\/wp\/v2\/types\/page"}],"author":[{"embeddable":true,"href":"https:\/\/studiomarodesign.com\/pt\/wp-json\/wp\/v2\/users\/1"}],"replies":[{"embeddable":true,"href":"https:\/\/studiomarodesign.com\/pt\/wp-json\/wp\/v2\/comments?post=17"}],"version-history":[{"count":12,"href":"https:\/\/studiomarodesign.com\/pt\/wp-json\/wp\/v2\/pages\/17\/revisions"}],"predecessor-version":[{"id":6499,"href":"https:\/\/studiomarodesign.com\/pt\/wp-json\/wp\/v2\/pages\/17\/revisions\/6499"}],"wp:attachment":[{"href":"https:\/\/studiomarodesign.com\/pt\/wp-json\/wp\/v2\/media?parent=17"}],"curies":[{"name":"wp","href":"https:\/\/api.w.org\/{rel}","templated":true}]}}